{"id":323,"date":"2021-03-02T06:45:57","date_gmt":"2021-03-02T05:45:57","guid":{"rendered":"http:\/\/hopewwfrance.org\/?page_id=323"},"modified":"2026-01-14T11:45:26","modified_gmt":"2026-01-14T10:45:26","slug":"faire-un-don-2","status":"publish","type":"page","link":"https:\/\/hopewwfrance.org\/?page_id=323","title":{"rendered":"Faire un don"},"content":{"rendered":"\t\t<div data-elementor-type=\"wp-page\" data-elementor-id=\"323\" class=\"elementor elementor-323\" data-elementor-post-type=\"page\">\n\t\t\t\t\t\t<section class=\"elementor-section elementor-top-section elementor-element elementor-element-7e8bd47d elementor-section-height-min-height elementor-section-content-top elementor-section-full_width elementor-section-height-default elementor-section-items-middle\" data-id=\"7e8bd47d\" data-element_type=\"section\" data-e-type=\"section\" data-settings=\"{&quot;background_background&quot;:&quot;classic&quot;}\">\n\t\t\t\t\t\t\t<div class=\"elementor-background-overlay\"><\/div>\n\t\t\t\t\t\t\t<div class=\"elementor-container elementor-column-gap-default\">\n\t\t\t\t\t<div class=\"elementor-column elementor-col-100 elementor-top-column elementor-element elementor-element-7843303d\" data-id=\"7843303d\" data-element_type=\"column\" data-e-type=\"column\">\n\t\t\t<div class=\"elementor-widget-wrap elementor-element-populated\">\n\t\t\t\t\t\t<div class=\"elementor-element elementor-element-6494572e elementor-widget elementor-widget-heading\" data-id=\"6494572e\" data-element_type=\"widget\" data-e-type=\"widget\" data-widget_type=\"heading.default\">\n\t\t\t\t<div class=\"elementor-widget-container\">\n\t\t\t\t\t<h2 class=\"elementor-heading-title elementor-size-default\">Faire un don<\/h2>\t\t\t\t<\/div>\n\t\t\t\t<\/div>\n\t\t\t\t\t<\/div>\n\t\t<\/div>\n\t\t\t\t\t<\/div>\n\t\t<\/section>\n\t\t\t\t<section class=\"elementor-section elementor-top-section elementor-element elementor-element-d7f49e9 elementor-section-content-middle elementor-section-boxed elementor-section-height-default elementor-section-height-default\" data-id=\"d7f49e9\" data-element_type=\"section\" data-e-type=\"section\" data-settings=\"{&quot;background_background&quot;:&quot;classic&quot;}\">\n\t\t\t\t\t\t<div class=\"elementor-container elementor-column-gap-no\">\n\t\t\t\t\t<div class=\"elementor-column elementor-col-100 elementor-top-column elementor-element elementor-element-3f05ed1\" data-id=\"3f05ed1\" data-element_type=\"column\" data-e-type=\"column\">\n\t\t\t<div class=\"elementor-widget-wrap elementor-element-populated\">\n\t\t\t\t\t\t<div class=\"elementor-element elementor-element-d0b0dc7 elementor-widget elementor-widget-heading\" data-id=\"d0b0dc7\" data-element_type=\"widget\" data-e-type=\"widget\" data-widget_type=\"heading.default\">\n\t\t\t\t<div class=\"elementor-widget-container\">\n\t\t\t\t\t<h4 class=\"elementor-heading-title elementor-size-default\">Apports financiers et efficience \u00e9conomique<\/h4>\t\t\t\t<\/div>\n\t\t\t\t<\/div>\n\t\t\t\t<div class=\"elementor-element elementor-element-4898b34 elementor-widget-divider--view-line elementor-widget elementor-widget-divider\" data-id=\"4898b34\" data-element_type=\"widget\" data-e-type=\"widget\" data-widget_type=\"divider.default\">\n\t\t\t\t<div class=\"elementor-widget-container\">\n\t\t\t\t\t\t\t<div class=\"elementor-divider\">\n\t\t\t<span class=\"elementor-divider-separator\">\n\t\t\t\t\t\t<\/span>\n\t\t<\/div>\n\t\t\t\t\t\t<\/div>\n\t\t\t\t<\/div>\n\t\t\t\t\t<\/div>\n\t\t<\/div>\n\t\t\t\t\t<\/div>\n\t\t<\/section>\n\t\t\t\t<section class=\"elementor-section elementor-top-section elementor-element elementor-element-26df766f elementor-section-content-middle elementor-section-boxed elementor-section-height-default elementor-section-height-default\" data-id=\"26df766f\" data-element_type=\"section\" data-e-type=\"section\" data-settings=\"{&quot;background_background&quot;:&quot;classic&quot;}\">\n\t\t\t\t\t\t<div class=\"elementor-container elementor-column-gap-no\">\n\t\t\t\t\t<div class=\"elementor-column elementor-col-100 elementor-top-column elementor-element elementor-element-e025e7e\" data-id=\"e025e7e\" data-element_type=\"column\" data-e-type=\"column\">\n\t\t\t<div class=\"elementor-widget-wrap elementor-element-populated\">\n\t\t\t\t\t\t<div class=\"elementor-element elementor-element-df96a84 elementor-widget elementor-widget-text-editor\" data-id=\"df96a84\" data-element_type=\"widget\" data-e-type=\"widget\" data-widget_type=\"text-editor.default\">\n\t\t\t\t<div class=\"elementor-widget-container\">\n\t\t\t\t\t\t\t\t\t<p class=\"p1\">Les moyens financiers proviennent de<\/p>\n<p>\u2022 <strong>Dons de particuliers<br>\u2022 Dons d\u2019autres associations et fondations<br>\u2022 Subventions publiques<br>\u2022 M\u00e9c\u00e9nat d\u2019entreprise<\/strong><\/p>\n<p>Les dons peuvent \u00eatre faits avec ou sans ciblage : ceux qui sont faits \u00e0 destination d\u2019un&nbsp;projet pr\u00e9cis sont trac\u00e9s \u00e0 l\u2019euro pr\u00e8s pour \u00eatre affect\u00e9s au projet auquel ils sont destin\u00e9s.&nbsp;L\u2019association n\u2019ayant aucun salari\u00e9, les frais de gestion sont limit\u00e9s \u00e0 5%,&nbsp;l\u2019efficience est donc maximum puisque 95% des dons sont utilis\u00e9s directement au profit des personnes aid\u00e9es.<b>&nbsp;<\/b><\/p><b>\n<\/b><p><b>Les dons ouvrent droit \u00e0 une d\u00e9duction fiscale de&nbsp;<\/b><b>66% pour les particuliers et de&nbsp;<\/b><b>60% pour les entreprises en m\u00e9c\u00e9nat (dans la limite de 20 000\u20ac ou 5\u2030 du CA).<\/b><\/p>\t\t\t\t\t\t\t\t<\/div>\n\t\t\t\t<\/div>\n\t\t\t\t\t<\/div>\n\t\t<\/div>\n\t\t\t\t\t<\/div>\n\t\t<\/section>\n\t\t\t\t<section class=\"elementor-section elementor-top-section elementor-element elementor-element-6ea2898 elementor-section-content-middle elementor-section-boxed elementor-section-height-default elementor-section-height-default\" data-id=\"6ea2898\" data-element_type=\"section\" data-e-type=\"section\" data-settings=\"{&quot;background_background&quot;:&quot;classic&quot;}\">\n\t\t\t\t\t\t<div class=\"elementor-container elementor-column-gap-no\">\n\t\t\t\t\t<div class=\"elementor-column elementor-col-100 elementor-top-column elementor-element elementor-element-cfb7af4\" data-id=\"cfb7af4\" data-element_type=\"column\" data-e-type=\"column\">\n\t\t\t<div class=\"elementor-widget-wrap elementor-element-populated\">\n\t\t\t\t\t\t<div class=\"elementor-element elementor-element-82e4382 elementor-align-center elementor-widget elementor-widget-button\" data-id=\"82e4382\" data-element_type=\"widget\" data-e-type=\"widget\" data-widget_type=\"button.default\">\n\t\t\t\t<div class=\"elementor-widget-container\">\n\t\t\t\t\t\t\t\t\t<div class=\"elementor-button-wrapper\">\n\t\t\t\t\t<a class=\"elementor-button elementor-button-link elementor-size-sm elementor-animation-grow\" href=\"https:\/\/www.helloasso.com\/associations\/hope-worldwide-france\/formulaires\/1\" target=\"_blank\">\n\t\t\t\t\t\t<span class=\"elementor-button-content-wrapper\">\n\t\t\t\t\t\t\t\t\t<span class=\"elementor-button-text\">FAIRE UN DON<\/span>\n\t\t\t\t\t<\/span>\n\t\t\t\t\t<\/a>\n\t\t\t\t<\/div>\n\t\t\t\t\t\t\t\t<\/div>\n\t\t\t\t<\/div>\n\t\t\t\t\t<\/div>\n\t\t<\/div>\n\t\t\t\t\t<\/div>\n\t\t<\/section>\n\t\t\t\t<section class=\"elementor-section elementor-top-section elementor-element elementor-element-ce1cbff elementor-section-content-middle elementor-section-boxed elementor-section-height-default elementor-section-height-default\" data-id=\"ce1cbff\" data-element_type=\"section\" data-e-type=\"section\" data-settings=\"{&quot;background_background&quot;:&quot;classic&quot;}\">\n\t\t\t\t\t\t<div class=\"elementor-container elementor-column-gap-no\">\n\t\t\t\t\t<div class=\"elementor-column elementor-col-100 elementor-top-column elementor-element elementor-element-1f0e271\" data-id=\"1f0e271\" data-element_type=\"column\" data-e-type=\"column\">\n\t\t\t<div class=\"elementor-widget-wrap elementor-element-populated\">\n\t\t\t\t\t\t<div class=\"elementor-element elementor-element-6c87b37 elementor-align-center elementor-widget elementor-widget-button\" data-id=\"6c87b37\" data-element_type=\"widget\" data-e-type=\"widget\" data-widget_type=\"button.default\">\n\t\t\t\t<div class=\"elementor-widget-container\">\n\t\t\t\t\t\t\t\t\t<div class=\"elementor-button-wrapper\">\n\t\t\t\t\t<a class=\"elementor-button elementor-button-link elementor-size-sm elementor-animation-grow\" href=\"https:\/\/www.helloasso.com\/associations\/hope-worldwide-france\/adhesions\/devenir-membre-adherent-de-hope-ww-france-2026\" target=\"_blank\">\n\t\t\t\t\t\t<span class=\"elementor-button-content-wrapper\">\n\t\t\t\t\t\t\t\t\t<span class=\"elementor-button-text\">devenir membre adh\u00e9rent<\/span>\n\t\t\t\t\t<\/span>\n\t\t\t\t\t<\/a>\n\t\t\t\t<\/div>\n\t\t\t\t\t\t\t\t<\/div>\n\t\t\t\t<\/div>\n\t\t\t\t\t<\/div>\n\t\t<\/div>\n\t\t\t\t\t<\/div>\n\t\t<\/section>\n\t\t\t\t<\/div>\n\t\t","protected":false},"excerpt":{"rendered":"<p>Faire un don Apports financiers et efficience \u00e9conomique Les moyens financiers proviennent de \u2022 Dons de particuliers\u2022 Dons d\u2019autres associations et fondations\u2022 Subventions publiques\u2022 M\u00e9c\u00e9nat d\u2019entreprise Les dons peuvent \u00eatre faits avec ou sans ciblage : ceux qui sont faits \u00e0 destination d\u2019un&nbsp;projet pr\u00e9cis sont trac\u00e9s \u00e0 l\u2019euro pr\u00e8s pour \u00eatre affect\u00e9s au projet auquel [&hellip;]<\/p>\n","protected":false},"author":1,"featured_media":0,"parent":0,"menu_order":0,"comment_status":"closed","ping_status":"closed","template":"","meta":{"_monsterinsights_skip_tracking":false,"_monsterinsights_sitenote_active":false,"_monsterinsights_sitenote_note":"","_monsterinsights_sitenote_category":0,"footnotes":""},"class_list":["post-323","page","type-page","status-publish","hentry"],"yoast_head":"<!-- This site is optimized with the Yoast SEO plugin v27.3 - https:\/\/yoast.com\/product\/yoast-seo-wordpress\/ -->\n<title>Faire un don - HOPE Worldwide France<\/title>\n<meta name=\"robots\" content=\"index, follow, max-snippet:-1, max-image-preview:large, max-video-preview:-1\" \/>\n<link rel=\"canonical\" href=\"https:\/\/hopewwfrance.org\/?page_id=323\" \/>\n<meta property=\"og:locale\" content=\"fr_FR\" \/>\n<meta property=\"og:type\" content=\"article\" \/>\n<meta property=\"og:title\" content=\"Faire un don - HOPE Worldwide France\" \/>\n<meta property=\"og:description\" content=\"Faire un don Apports financiers et efficience \u00e9conomique Les moyens financiers proviennent de \u2022 Dons de particuliers\u2022 Dons d\u2019autres associations et fondations\u2022 Subventions publiques\u2022 M\u00e9c\u00e9nat d\u2019entreprise Les dons peuvent \u00eatre faits avec ou sans ciblage : ceux qui sont faits \u00e0 destination d\u2019un&nbsp;projet pr\u00e9cis sont trac\u00e9s \u00e0 l\u2019euro pr\u00e8s pour \u00eatre affect\u00e9s au projet auquel [&hellip;]\" \/>\n<meta property=\"og:url\" content=\"https:\/\/hopewwfrance.org\/?page_id=323\" \/>\n<meta property=\"og:site_name\" content=\"HOPE Worldwide France\" \/>\n<meta property=\"article:modified_time\" content=\"2026-01-14T10:45:26+00:00\" \/>\n<meta name=\"twitter:card\" content=\"summary_large_image\" \/>\n<meta name=\"twitter:label1\" content=\"Dur\u00e9e de lecture estim\u00e9e\" \/>\n\t<meta name=\"twitter:data1\" content=\"1 minute\" \/>\n<script type=\"application\/ld+json\" class=\"yoast-schema-graph\">{\"@context\":\"https:\\\/\\\/schema.org\",\"@graph\":[{\"@type\":\"WebPage\",\"@id\":\"https:\\\/\\\/hopewwfrance.org\\\/?page_id=323\",\"url\":\"https:\\\/\\\/hopewwfrance.org\\\/?page_id=323\",\"name\":\"Faire un don - HOPE Worldwide France\",\"isPartOf\":{\"@id\":\"https:\\\/\\\/hopewwfrance.org\\\/#website\"},\"datePublished\":\"2021-03-02T05:45:57+00:00\",\"dateModified\":\"2026-01-14T10:45:26+00:00\",\"breadcrumb\":{\"@id\":\"https:\\\/\\\/hopewwfrance.org\\\/?page_id=323#breadcrumb\"},\"inLanguage\":\"fr-FR\",\"potentialAction\":[{\"@type\":\"ReadAction\",\"target\":[\"https:\\\/\\\/hopewwfrance.org\\\/?page_id=323\"]}]},{\"@type\":\"BreadcrumbList\",\"@id\":\"https:\\\/\\\/hopewwfrance.org\\\/?page_id=323#breadcrumb\",\"itemListElement\":[{\"@type\":\"ListItem\",\"position\":1,\"name\":\"Accueil\",\"item\":\"https:\\\/\\\/hopewwfrance.org\\\/\"},{\"@type\":\"ListItem\",\"position\":2,\"name\":\"Faire un don\"}]},{\"@type\":\"WebSite\",\"@id\":\"https:\\\/\\\/hopewwfrance.org\\\/#website\",\"url\":\"https:\\\/\\\/hopewwfrance.org\\\/\",\"name\":\"HOPE Worldwide France\",\"description\":\"Donner de l&#039;espoir, changer des vies\",\"publisher\":{\"@id\":\"https:\\\/\\\/hopewwfrance.org\\\/#organization\"},\"potentialAction\":[{\"@type\":\"SearchAction\",\"target\":{\"@type\":\"EntryPoint\",\"urlTemplate\":\"https:\\\/\\\/hopewwfrance.org\\\/?s={search_term_string}\"},\"query-input\":{\"@type\":\"PropertyValueSpecification\",\"valueRequired\":true,\"valueName\":\"search_term_string\"}}],\"inLanguage\":\"fr-FR\"},{\"@type\":\"Organization\",\"@id\":\"https:\\\/\\\/hopewwfrance.org\\\/#organization\",\"name\":\"HOPE Worldwide France\",\"url\":\"https:\\\/\\\/hopewwfrance.org\\\/\",\"logo\":{\"@type\":\"ImageObject\",\"inLanguage\":\"fr-FR\",\"@id\":\"https:\\\/\\\/hopewwfrance.org\\\/#\\\/schema\\\/logo\\\/image\\\/\",\"url\":\"https:\\\/\\\/hopewwfrance.org\\\/wp-content\\\/uploads\\\/2021\\\/01\\\/cropped-HOPEww-FRANCE-Logo.png\",\"contentUrl\":\"https:\\\/\\\/hopewwfrance.org\\\/wp-content\\\/uploads\\\/2021\\\/01\\\/cropped-HOPEww-FRANCE-Logo.png\",\"width\":236,\"height\":152,\"caption\":\"HOPE Worldwide France\"},\"image\":{\"@id\":\"https:\\\/\\\/hopewwfrance.org\\\/#\\\/schema\\\/logo\\\/image\\\/\"}}]}<\/script>\n<!-- \/ Yoast SEO plugin. -->","yoast_head_json":{"title":"Faire un don - HOPE Worldwide France","robots":{"index":"index","follow":"follow","max-snippet":"max-snippet:-1","max-image-preview":"max-image-preview:large","max-video-preview":"max-video-preview:-1"},"canonical":"https:\/\/hopewwfrance.org\/?page_id=323","og_locale":"fr_FR","og_type":"article","og_title":"Faire un don - HOPE Worldwide France","og_description":"Faire un don Apports financiers et efficience \u00e9conomique Les moyens financiers proviennent de \u2022 Dons de particuliers\u2022 Dons d\u2019autres associations et fondations\u2022 Subventions publiques\u2022 M\u00e9c\u00e9nat d\u2019entreprise Les dons peuvent \u00eatre faits avec ou sans ciblage : ceux qui sont faits \u00e0 destination d\u2019un&nbsp;projet pr\u00e9cis sont trac\u00e9s \u00e0 l\u2019euro pr\u00e8s pour \u00eatre affect\u00e9s au projet auquel [&hellip;]","og_url":"https:\/\/hopewwfrance.org\/?page_id=323","og_site_name":"HOPE Worldwide France","article_modified_time":"2026-01-14T10:45:26+00:00","twitter_card":"summary_large_image","twitter_misc":{"Dur\u00e9e de lecture estim\u00e9e":"1 minute"},"schema":{"@context":"https:\/\/schema.org","@graph":[{"@type":"WebPage","@id":"https:\/\/hopewwfrance.org\/?page_id=323","url":"https:\/\/hopewwfrance.org\/?page_id=323","name":"Faire un don - HOPE Worldwide France","isPartOf":{"@id":"https:\/\/hopewwfrance.org\/#website"},"datePublished":"2021-03-02T05:45:57+00:00","dateModified":"2026-01-14T10:45:26+00:00","breadcrumb":{"@id":"https:\/\/hopewwfrance.org\/?page_id=323#breadcrumb"},"inLanguage":"fr-FR","potentialAction":[{"@type":"ReadAction","target":["https:\/\/hopewwfrance.org\/?page_id=323"]}]},{"@type":"BreadcrumbList","@id":"https:\/\/hopewwfrance.org\/?page_id=323#breadcrumb","itemListElement":[{"@type":"ListItem","position":1,"name":"Accueil","item":"https:\/\/hopewwfrance.org\/"},{"@type":"ListItem","position":2,"name":"Faire un don"}]},{"@type":"WebSite","@id":"https:\/\/hopewwfrance.org\/#website","url":"https:\/\/hopewwfrance.org\/","name":"HOPE Worldwide France","description":"Donner de l&#039;espoir, changer des vies","publisher":{"@id":"https:\/\/hopewwfrance.org\/#organization"},"potentialAction":[{"@type":"SearchAction","target":{"@type":"EntryPoint","urlTemplate":"https:\/\/hopewwfrance.org\/?s={search_term_string}"},"query-input":{"@type":"PropertyValueSpecification","valueRequired":true,"valueName":"search_term_string"}}],"inLanguage":"fr-FR"},{"@type":"Organization","@id":"https:\/\/hopewwfrance.org\/#organization","name":"HOPE Worldwide France","url":"https:\/\/hopewwfrance.org\/","logo":{"@type":"ImageObject","inLanguage":"fr-FR","@id":"https:\/\/hopewwfrance.org\/#\/schema\/logo\/image\/","url":"https:\/\/hopewwfrance.org\/wp-content\/uploads\/2021\/01\/cropped-HOPEww-FRANCE-Logo.png","contentUrl":"https:\/\/hopewwfrance.org\/wp-content\/uploads\/2021\/01\/cropped-HOPEww-FRANCE-Logo.png","width":236,"height":152,"caption":"HOPE Worldwide France"},"image":{"@id":"https:\/\/hopewwfrance.org\/#\/schema\/logo\/image\/"}}]}},"_links":{"self":[{"href":"https:\/\/hopewwfrance.org\/index.php?rest_route=\/wp\/v2\/pages\/323","targetHints":{"allow":["GET"]}}],"collection":[{"href":"https:\/\/hopewwfrance.org\/index.php?rest_route=\/wp\/v2\/pages"}],"about":[{"href":"https:\/\/hopewwfrance.org\/index.php?rest_route=\/wp\/v2\/types\/page"}],"author":[{"embeddable":true,"href":"https:\/\/hopewwfrance.org\/index.php?rest_route=\/wp\/v2\/users\/1"}],"replies":[{"embeddable":true,"href":"https:\/\/hopewwfrance.org\/index.php?rest_route=%2Fwp%2Fv2%2Fcomments&post=323"}],"version-history":[{"count":32,"href":"https:\/\/hopewwfrance.org\/index.php?rest_route=\/wp\/v2\/pages\/323\/revisions"}],"predecessor-version":[{"id":998,"href":"https:\/\/hopewwfrance.org\/index.php?rest_route=\/wp\/v2\/pages\/323\/revisions\/998"}],"wp:attachment":[{"href":"https:\/\/hopewwfrance.org\/index.php?rest_route=%2Fwp%2Fv2%2Fmedia&parent=323"}],"curies":[{"name":"wp","href":"https:\/\/api.w.org\/{rel}","templated":true}]}}