{"id":276,"date":"2021-02-05T16:32:17","date_gmt":"2021-02-05T15:32:17","guid":{"rendered":"http:\/\/hopewwfrance.org\/?page_id=276"},"modified":"2025-01-29T19:16:27","modified_gmt":"2025-01-29T18:16:27","slug":"actualites","status":"publish","type":"page","link":"https:\/\/hopewwfrance.org\/?page_id=276","title":{"rendered":"Actualit\u00e9s"},"content":{"rendered":"\t\t<div data-elementor-type=\"wp-page\" data-elementor-id=\"276\" class=\"elementor elementor-276\" data-elementor-post-type=\"page\">\n\t\t\t\t\t\t<section class=\"elementor-section elementor-top-section elementor-element elementor-element-e372bbf elementor-section-height-min-height elementor-section-content-top elementor-section-full_width elementor-section-height-default elementor-section-items-middle\" data-id=\"e372bbf\" data-element_type=\"section\" data-e-type=\"section\" data-settings=\"{&quot;background_background&quot;:&quot;classic&quot;}\">\n\t\t\t\t\t\t\t<div class=\"elementor-background-overlay\"><\/div>\n\t\t\t\t\t\t\t<div class=\"elementor-container elementor-column-gap-default\">\n\t\t\t\t\t<div class=\"elementor-column elementor-col-100 elementor-top-column elementor-element elementor-element-f26f63a\" data-id=\"f26f63a\" data-element_type=\"column\" data-e-type=\"column\">\n\t\t\t<div class=\"elementor-widget-wrap elementor-element-populated\">\n\t\t\t\t\t\t<div class=\"elementor-element elementor-element-591e2e9 elementor-widget elementor-widget-heading\" data-id=\"591e2e9\" data-element_type=\"widget\" data-e-type=\"widget\" data-widget_type=\"heading.default\">\n\t\t\t\t<div class=\"elementor-widget-container\">\n\t\t\t\t\t<h2 class=\"elementor-heading-title elementor-size-default\">Actualit\u00e9s<\/h2>\t\t\t\t<\/div>\n\t\t\t\t<\/div>\n\t\t\t\t\t<\/div>\n\t\t<\/div>\n\t\t\t\t\t<\/div>\n\t\t<\/section>\n\t\t\t\t<section class=\"elementor-section elementor-top-section elementor-element elementor-element-310225a elementor-section-boxed elementor-section-height-default elementor-section-height-default\" data-id=\"310225a\" data-element_type=\"section\" data-e-type=\"section\" data-settings=\"{&quot;background_background&quot;:&quot;classic&quot;}\">\n\t\t\t\t\t\t<div class=\"elementor-container elementor-column-gap-default\">\n\t\t\t\t\t<div class=\"elementor-column elementor-col-100 elementor-top-column elementor-element elementor-element-c19ee3e\" data-id=\"c19ee3e\" data-element_type=\"column\" data-e-type=\"column\" data-settings=\"{&quot;background_background&quot;:&quot;classic&quot;}\">\n\t\t\t<div class=\"elementor-widget-wrap elementor-element-populated\">\n\t\t\t\t\t\t<div class=\"elementor-element elementor-element-965474c elementor-posts--align-left elementor-grid-3 elementor-grid-tablet-2 elementor-grid-mobile-1 elementor-posts--thumbnail-top elementor-widget elementor-widget-posts\" data-id=\"965474c\" data-element_type=\"widget\" data-e-type=\"widget\" data-settings=\"{&quot;classic_row_gap&quot;:{&quot;unit&quot;:&quot;px&quot;,&quot;size&quot;:&quot;40&quot;,&quot;sizes&quot;:[]},&quot;classic_columns&quot;:&quot;3&quot;,&quot;classic_columns_tablet&quot;:&quot;2&quot;,&quot;classic_columns_mobile&quot;:&quot;1&quot;,&quot;classic_row_gap_tablet&quot;:{&quot;unit&quot;:&quot;px&quot;,&quot;size&quot;:&quot;&quot;,&quot;sizes&quot;:[]},&quot;classic_row_gap_mobile&quot;:{&quot;unit&quot;:&quot;px&quot;,&quot;size&quot;:&quot;&quot;,&quot;sizes&quot;:[]}}\" data-widget_type=\"posts.classic\">\n\t\t\t\t<div class=\"elementor-widget-container\">\n\t\t\t\t\t\t\t<div class=\"elementor-posts-container elementor-posts elementor-posts--skin-classic elementor-grid\" role=\"list\">\n\t\t\t\t<article class=\"elementor-post elementor-grid-item post-831 post type-post status-publish format-standard has-post-thumbnail hentry category-non-classe\" role=\"listitem\">\n\t\t\t\t<a class=\"elementor-post__thumbnail__link\" href=\"https:\/\/hopewwfrance.org\/?p=831\" tabindex=\"-1\" >\n\t\t\t<div class=\"elementor-post__thumbnail\"><img fetchpriority=\"high\" decoding=\"async\" width=\"1600\" height=\"1200\" src=\"https:\/\/hopewwfrance.org\/wp-content\/uploads\/2025\/01\/Photo-9.jpg\" class=\"attachment-full size-full wp-image-833\" alt=\"\" srcset=\"https:\/\/hopewwfrance.org\/wp-content\/uploads\/2025\/01\/Photo-9.jpg 1600w, https:\/\/hopewwfrance.org\/wp-content\/uploads\/2025\/01\/Photo-9-300x225.jpg 300w, https:\/\/hopewwfrance.org\/wp-content\/uploads\/2025\/01\/Photo-9-1024x768.jpg 1024w, https:\/\/hopewwfrance.org\/wp-content\/uploads\/2025\/01\/Photo-9-768x576.jpg 768w, https:\/\/hopewwfrance.org\/wp-content\/uploads\/2025\/01\/Photo-9-1536x1152.jpg 1536w\" sizes=\"(max-width: 1600px) 100vw, 1600px\" \/><\/div>\n\t\t<\/a>\n\t\t\t\t<div class=\"elementor-post__text\">\n\t\t\t\t<h3 class=\"elementor-post__title\">\n\t\t\t<a href=\"https:\/\/hopewwfrance.org\/?p=831\" >\n\t\t\t\tBangladesh, Centre de formation \u00e0 DACCA\t\t\t<\/a>\n\t\t<\/h3>\n\t\t\t\t<div class=\"elementor-post__excerpt\">\n\t\t\t<p>Financ\u00e9 par le fonds de dotation \u00ab We Act for Kids \u00bb, ce centre a<\/p>\n\t\t<\/div>\n\t\t\n\t\t<a class=\"elementor-post__read-more\" href=\"https:\/\/hopewwfrance.org\/?p=831\" aria-label=\"En savoir plus sur Bangladesh, Centre de formation \u00e0 DACCA\" tabindex=\"-1\" >\n\t\t\tLIRE LA SUITE \u00bb\t\t<\/a>\n\n\t\t\t\t<\/div>\n\t\t\t\t<\/article>\n\t\t\t\t<article class=\"elementor-post elementor-grid-item post-821 post type-post status-publish format-standard has-post-thumbnail hentry category-non-classe\" role=\"listitem\">\n\t\t\t\t<a class=\"elementor-post__thumbnail__link\" href=\"https:\/\/hopewwfrance.org\/?p=821\" tabindex=\"-1\" >\n\t\t\t<div class=\"elementor-post__thumbnail\"><img decoding=\"async\" width=\"1280\" height=\"720\" src=\"https:\/\/hopewwfrance.org\/wp-content\/uploads\/2025\/01\/Photo-8.jpeg\" class=\"attachment-full size-full wp-image-826\" alt=\"\" srcset=\"https:\/\/hopewwfrance.org\/wp-content\/uploads\/2025\/01\/Photo-8.jpeg 1280w, https:\/\/hopewwfrance.org\/wp-content\/uploads\/2025\/01\/Photo-8-300x169.jpeg 300w, https:\/\/hopewwfrance.org\/wp-content\/uploads\/2025\/01\/Photo-8-1024x576.jpeg 1024w, https:\/\/hopewwfrance.org\/wp-content\/uploads\/2025\/01\/Photo-8-768x432.jpeg 768w\" sizes=\"(max-width: 1280px) 100vw, 1280px\" \/><\/div>\n\t\t<\/a>\n\t\t\t\t<div class=\"elementor-post__text\">\n\t\t\t\t<h3 class=\"elementor-post__title\">\n\t\t\t<a href=\"https:\/\/hopewwfrance.org\/?p=821\" >\n\t\t\t\tProjet social KINTANA, Madagascar\t\t\t<\/a>\n\t\t<\/h3>\n\t\t\t\t<div class=\"elementor-post__excerpt\">\n\t\t\t<p>Nous travaillons \u00e0 aider plus de 200 \u00e9l\u00e8ves \u00e0 acc\u00e9der \u00e0 l&rsquo;\u00e9cole en finan\u00e7ant leur<\/p>\n\t\t<\/div>\n\t\t\n\t\t<a class=\"elementor-post__read-more\" href=\"https:\/\/hopewwfrance.org\/?p=821\" aria-label=\"En savoir plus sur Projet social KINTANA, Madagascar\" tabindex=\"-1\" >\n\t\t\tLIRE LA SUITE \u00bb\t\t<\/a>\n\n\t\t\t\t<\/div>\n\t\t\t\t<\/article>\n\t\t\t\t<article class=\"elementor-post elementor-grid-item post-810 post type-post status-publish format-standard has-post-thumbnail hentry category-non-classe\" role=\"listitem\">\n\t\t\t\t<a class=\"elementor-post__thumbnail__link\" href=\"https:\/\/hopewwfrance.org\/?p=810\" tabindex=\"-1\" >\n\t\t\t<div class=\"elementor-post__thumbnail\"><img decoding=\"async\" width=\"1280\" height=\"960\" src=\"https:\/\/hopewwfrance.org\/wp-content\/uploads\/2025\/01\/Photo-7.jpeg\" class=\"attachment-full size-full wp-image-812\" alt=\"\" srcset=\"https:\/\/hopewwfrance.org\/wp-content\/uploads\/2025\/01\/Photo-7.jpeg 1280w, https:\/\/hopewwfrance.org\/wp-content\/uploads\/2025\/01\/Photo-7-300x225.jpeg 300w, https:\/\/hopewwfrance.org\/wp-content\/uploads\/2025\/01\/Photo-7-1024x768.jpeg 1024w, https:\/\/hopewwfrance.org\/wp-content\/uploads\/2025\/01\/Photo-7-768x576.jpeg 768w\" sizes=\"(max-width: 1280px) 100vw, 1280px\" \/><\/div>\n\t\t<\/a>\n\t\t\t\t<div class=\"elementor-post__text\">\n\t\t\t\t<h3 class=\"elementor-post__title\">\n\t\t\t<a href=\"https:\/\/hopewwfrance.org\/?p=810\" >\n\t\t\t\tL&rsquo;\u00e9cole \u00ab Des projets et des Ailes \u00bb \u00e0 Madagascar a fait sa rentr\u00e9e avec succ\u00e8s, accueillant plus de 80 \u00e9l\u00e8ves.\u00a0\u00a0\t\t\t<\/a>\n\t\t<\/h3>\n\t\t\t\t<div class=\"elementor-post__excerpt\">\n\t\t\t<p>Cependant, les besoins en soutien demeurent permanents. Actuellement, il est essentiel d&rsquo;investir dans du mat\u00e9riel<\/p>\n\t\t<\/div>\n\t\t\n\t\t<a class=\"elementor-post__read-more\" href=\"https:\/\/hopewwfrance.org\/?p=810\" aria-label=\"En savoir plus sur L&rsquo;\u00e9cole \u00ab Des projets et des Ailes \u00bb \u00e0 Madagascar a fait sa rentr\u00e9e avec succ\u00e8s, accueillant plus de 80 \u00e9l\u00e8ves.\u00a0\u00a0\" tabindex=\"-1\" >\n\t\t\tLIRE LA SUITE \u00bb\t\t<\/a>\n\n\t\t\t\t<\/div>\n\t\t\t\t<\/article>\n\t\t\t\t<article class=\"elementor-post elementor-grid-item post-649 post type-post status-publish format-standard has-post-thumbnail hentry category-non-classe\" role=\"listitem\">\n\t\t\t\t<a class=\"elementor-post__thumbnail__link\" href=\"https:\/\/hopewwfrance.org\/?p=649\" tabindex=\"-1\" >\n\t\t\t<div class=\"elementor-post__thumbnail\"><img loading=\"lazy\" decoding=\"async\" width=\"453\" height=\"340\" src=\"https:\/\/hopewwfrance.org\/wp-content\/uploads\/2022\/03\/ukraine-7036655__340.jpeg\" class=\"attachment-full size-full wp-image-651\" alt=\"\" srcset=\"https:\/\/hopewwfrance.org\/wp-content\/uploads\/2022\/03\/ukraine-7036655__340.jpeg 453w, https:\/\/hopewwfrance.org\/wp-content\/uploads\/2022\/03\/ukraine-7036655__340-300x225.jpeg 300w\" sizes=\"(max-width: 453px) 100vw, 453px\" \/><\/div>\n\t\t<\/a>\n\t\t\t\t<div class=\"elementor-post__text\">\n\t\t\t\t<h3 class=\"elementor-post__title\">\n\t\t\t<a href=\"https:\/\/hopewwfrance.org\/?p=649\" >\n\t\t\t\tUnis, nous sommes forts. Soutenez l\u2019Ukraine.\t\t\t<\/a>\n\t\t<\/h3>\n\t\t\t\t<div class=\"elementor-post__excerpt\">\n\t\t\t<p>HOPE ww France s\u2019associe \u00e0 HOPE\u00a0Worldwidepour dire qu\u2019en temps de crise, personne ne devrait se<\/p>\n\t\t<\/div>\n\t\t\n\t\t<a class=\"elementor-post__read-more\" href=\"https:\/\/hopewwfrance.org\/?p=649\" aria-label=\"En savoir plus sur Unis, nous sommes forts. Soutenez l\u2019Ukraine.\" tabindex=\"-1\" >\n\t\t\tLIRE LA SUITE \u00bb\t\t<\/a>\n\n\t\t\t\t<\/div>\n\t\t\t\t<\/article>\n\t\t\t\t<article class=\"elementor-post elementor-grid-item post-591 post type-post status-publish format-standard has-post-thumbnail hentry category-non-classe\" role=\"listitem\">\n\t\t\t\t<a class=\"elementor-post__thumbnail__link\" href=\"https:\/\/hopewwfrance.org\/?p=591\" tabindex=\"-1\" >\n\t\t\t<div class=\"elementor-post__thumbnail\"><img loading=\"lazy\" decoding=\"async\" width=\"900\" height=\"450\" src=\"https:\/\/hopewwfrance.org\/wp-content\/uploads\/2021\/05\/enfants-quartier-distribution-noel-2020-1-611dc4d0047f44d6896add544fb9b026_sb900x507_bb0x0x900x450.jpeg\" class=\"attachment-full size-full wp-image-604\" alt=\"\" srcset=\"https:\/\/hopewwfrance.org\/wp-content\/uploads\/2021\/05\/enfants-quartier-distribution-noel-2020-1-611dc4d0047f44d6896add544fb9b026_sb900x507_bb0x0x900x450.jpeg 900w, https:\/\/hopewwfrance.org\/wp-content\/uploads\/2021\/05\/enfants-quartier-distribution-noel-2020-1-611dc4d0047f44d6896add544fb9b026_sb900x507_bb0x0x900x450-300x150.jpeg 300w, https:\/\/hopewwfrance.org\/wp-content\/uploads\/2021\/05\/enfants-quartier-distribution-noel-2020-1-611dc4d0047f44d6896add544fb9b026_sb900x507_bb0x0x900x450-768x384.jpeg 768w\" sizes=\"(max-width: 900px) 100vw, 900px\" \/><\/div>\n\t\t<\/a>\n\t\t\t\t<div class=\"elementor-post__text\">\n\t\t\t\t<h3 class=\"elementor-post__title\">\n\t\t\t<a href=\"https:\/\/hopewwfrance.org\/?p=591\" >\n\t\t\t\tAide urgence Inde et Madagascar COVID\t\t\t<\/a>\n\t\t<\/h3>\n\t\t\t\t<div class=\"elementor-post__excerpt\">\n\t\t\t<p>Face aux effets catastrophiques des nouvelles vagues dans les pays les plus pauvres de notre<\/p>\n\t\t<\/div>\n\t\t\n\t\t<a class=\"elementor-post__read-more\" href=\"https:\/\/hopewwfrance.org\/?p=591\" aria-label=\"En savoir plus sur Aide urgence Inde et Madagascar COVID\" tabindex=\"-1\" >\n\t\t\tLIRE LA SUITE \u00bb\t\t<\/a>\n\n\t\t\t\t<\/div>\n\t\t\t\t<\/article>\n\t\t\t\t<article class=\"elementor-post elementor-grid-item post-52 post type-post status-publish format-standard has-post-thumbnail hentry category-non-classe\" role=\"listitem\">\n\t\t\t\t<a class=\"elementor-post__thumbnail__link\" href=\"https:\/\/hopewwfrance.org\/?p=52\" tabindex=\"-1\" >\n\t\t\t<div class=\"elementor-post__thumbnail\"><img loading=\"lazy\" decoding=\"async\" width=\"2560\" height=\"1920\" src=\"https:\/\/hopewwfrance.org\/wp-content\/uploads\/2021\/01\/IMG_5623-scaled.jpg\" class=\"attachment-full size-full wp-image-570\" alt=\"\" srcset=\"https:\/\/hopewwfrance.org\/wp-content\/uploads\/2021\/01\/IMG_5623-scaled.jpg 2560w, https:\/\/hopewwfrance.org\/wp-content\/uploads\/2021\/01\/IMG_5623-300x225.jpg 300w, https:\/\/hopewwfrance.org\/wp-content\/uploads\/2021\/01\/IMG_5623-1024x768.jpg 1024w, https:\/\/hopewwfrance.org\/wp-content\/uploads\/2021\/01\/IMG_5623-768x576.jpg 768w, https:\/\/hopewwfrance.org\/wp-content\/uploads\/2021\/01\/IMG_5623-1536x1152.jpg 1536w, https:\/\/hopewwfrance.org\/wp-content\/uploads\/2021\/01\/IMG_5623-2048x1536.jpg 2048w\" sizes=\"(max-width: 2560px) 100vw, 2560px\" \/><\/div>\n\t\t<\/a>\n\t\t\t\t<div class=\"elementor-post__text\">\n\t\t\t\t<h3 class=\"elementor-post__title\">\n\t\t\t<a href=\"https:\/\/hopewwfrance.org\/?p=52\" >\n\t\t\t\tBangladesh, projet en partenariat avec la Fondation KIABI\t\t\t<\/a>\n\t\t<\/h3>\n\t\t\t\t<div class=\"elementor-post__excerpt\">\n\t\t\t<p>Au Bangladesh, en partenariat avec la fondation KIABI, nous montons un nouveau projet de centre<\/p>\n\t\t<\/div>\n\t\t\n\t\t<a class=\"elementor-post__read-more\" href=\"https:\/\/hopewwfrance.org\/?p=52\" aria-label=\"En savoir plus sur Bangladesh, projet en partenariat avec la Fondation KIABI\" tabindex=\"-1\" >\n\t\t\tLIRE LA SUITE \u00bb\t\t<\/a>\n\n\t\t\t\t<\/div>\n\t\t\t\t<\/article>\n\t\t\t\t<article class=\"elementor-post elementor-grid-item post-49 post type-post status-publish format-standard has-post-thumbnail hentry category-non-classe\" role=\"listitem\">\n\t\t\t\t<a class=\"elementor-post__thumbnail__link\" href=\"https:\/\/hopewwfrance.org\/?p=49\" tabindex=\"-1\" >\n\t\t\t<div class=\"elementor-post__thumbnail\"><img loading=\"lazy\" decoding=\"async\" width=\"1280\" height=\"960\" src=\"https:\/\/hopewwfrance.org\/wp-content\/uploads\/2021\/01\/Salles-de-Classe-Ary-Elatra-Madagascar.jpeg\" class=\"attachment-full size-full wp-image-526\" alt=\"\" srcset=\"https:\/\/hopewwfrance.org\/wp-content\/uploads\/2021\/01\/Salles-de-Classe-Ary-Elatra-Madagascar.jpeg 1280w, https:\/\/hopewwfrance.org\/wp-content\/uploads\/2021\/01\/Salles-de-Classe-Ary-Elatra-Madagascar-300x225.jpeg 300w, https:\/\/hopewwfrance.org\/wp-content\/uploads\/2021\/01\/Salles-de-Classe-Ary-Elatra-Madagascar-1024x768.jpeg 1024w, https:\/\/hopewwfrance.org\/wp-content\/uploads\/2021\/01\/Salles-de-Classe-Ary-Elatra-Madagascar-768x576.jpeg 768w\" sizes=\"(max-width: 1280px) 100vw, 1280px\" \/><\/div>\n\t\t<\/a>\n\t\t\t\t<div class=\"elementor-post__text\">\n\t\t\t\t<h3 class=\"elementor-post__title\">\n\t\t\t<a href=\"https:\/\/hopewwfrance.org\/?p=49\" >\n\t\t\t\tEcole ARY ELATRA, Madagascar\t\t\t<\/a>\n\t\t<\/h3>\n\t\t\t\t<div class=\"elementor-post__excerpt\">\n\t\t\t<p>Depuis la rentr\u00e9e de septembre, nous sommes pass\u00e9s de 25 \u00e0 50 \u00e9l\u00e8ves\u00a0! Il a<\/p>\n\t\t<\/div>\n\t\t\n\t\t<a class=\"elementor-post__read-more\" href=\"https:\/\/hopewwfrance.org\/?p=49\" aria-label=\"En savoir plus sur Ecole ARY ELATRA, Madagascar\" tabindex=\"-1\" >\n\t\t\tLIRE LA SUITE \u00bb\t\t<\/a>\n\n\t\t\t\t<\/div>\n\t\t\t\t<\/article>\n\t\t\t\t<article class=\"elementor-post elementor-grid-item post-1 post type-post status-publish format-standard has-post-thumbnail hentry category-non-classe\" role=\"listitem\">\n\t\t\t\t<a class=\"elementor-post__thumbnail__link\" href=\"https:\/\/hopewwfrance.org\/?p=1\" tabindex=\"-1\" >\n\t\t\t<div class=\"elementor-post__thumbnail\"><img loading=\"lazy\" decoding=\"async\" width=\"1240\" height=\"960\" src=\"https:\/\/hopewwfrance.org\/wp-content\/uploads\/2021\/01\/Benevoles-COVID-Madagascar.jpeg\" class=\"attachment-full size-full wp-image-579\" alt=\"\" srcset=\"https:\/\/hopewwfrance.org\/wp-content\/uploads\/2021\/01\/Benevoles-COVID-Madagascar.jpeg 1240w, https:\/\/hopewwfrance.org\/wp-content\/uploads\/2021\/01\/Benevoles-COVID-Madagascar-300x232.jpeg 300w, https:\/\/hopewwfrance.org\/wp-content\/uploads\/2021\/01\/Benevoles-COVID-Madagascar-1024x793.jpeg 1024w, https:\/\/hopewwfrance.org\/wp-content\/uploads\/2021\/01\/Benevoles-COVID-Madagascar-768x595.jpeg 768w\" sizes=\"(max-width: 1240px) 100vw, 1240px\" \/><\/div>\n\t\t<\/a>\n\t\t\t\t<div class=\"elementor-post__text\">\n\t\t\t\t<h3 class=\"elementor-post__title\">\n\t\t\t<a href=\"https:\/\/hopewwfrance.org\/?p=1\" >\n\t\t\t\tAide d\u2019urgence COVID\t\t\t<\/a>\n\t\t<\/h3>\n\t\t\t\t<div class=\"elementor-post__excerpt\">\n\t\t\t<p>2020 a \u00e9t\u00e9 difficile pour beaucoup, toutefois les actions de HOPE worldwide ont continu\u00e9 \u00e0<\/p>\n\t\t<\/div>\n\t\t\n\t\t<a class=\"elementor-post__read-more\" href=\"https:\/\/hopewwfrance.org\/?p=1\" aria-label=\"En savoir plus sur Aide d\u2019urgence COVID\" tabindex=\"-1\" >\n\t\t\tLIRE LA SUITE \u00bb\t\t<\/a>\n\n\t\t\t\t<\/div>\n\t\t\t\t<\/article>\n\t\t\t\t<\/div>\n\t\t\n\t\t\t\t\t\t<\/div>\n\t\t\t\t<\/div>\n\t\t\t\t\t<\/div>\n\t\t<\/div>\n\t\t\t\t\t<\/div>\n\t\t<\/section>\n\t\t\t\t<\/div>\n\t\t","protected":false},"excerpt":{"rendered":"<p>Actualit\u00e9s<\/p>\n","protected":false},"author":1,"featured_media":0,"parent":0,"menu_order":0,"comment_status":"closed","ping_status":"closed","template":"elementor_theme","meta":{"_monsterinsights_skip_tracking":false,"_monsterinsights_sitenote_active":false,"_monsterinsights_sitenote_note":"","_monsterinsights_sitenote_category":0,"footnotes":""},"class_list":["post-276","page","type-page","status-publish","hentry"],"yoast_head":"<!-- This site is optimized with the Yoast SEO plugin v27.3 - https:\/\/yoast.com\/product\/yoast-seo-wordpress\/ -->\n<title>Actualit\u00e9s - HOPE Worldwide France<\/title>\n<meta name=\"robots\" content=\"index, follow, max-snippet:-1, max-image-preview:large, max-video-preview:-1\" \/>\n<link rel=\"canonical\" href=\"https:\/\/hopewwfrance.org\/?page_id=276\" \/>\n<meta property=\"og:locale\" content=\"fr_FR\" \/>\n<meta property=\"og:type\" content=\"article\" \/>\n<meta property=\"og:title\" content=\"Actualit\u00e9s - HOPE Worldwide France\" \/>\n<meta property=\"og:description\" content=\"Actualit\u00e9s\" \/>\n<meta property=\"og:url\" content=\"https:\/\/hopewwfrance.org\/?page_id=276\" \/>\n<meta property=\"og:site_name\" content=\"HOPE Worldwide France\" \/>\n<meta property=\"article:modified_time\" content=\"2025-01-29T18:16:27+00:00\" \/>\n<meta name=\"twitter:card\" content=\"summary_large_image\" \/>\n<meta name=\"twitter:label1\" content=\"Dur\u00e9e de lecture estim\u00e9e\" \/>\n\t<meta name=\"twitter:data1\" content=\"5 minutes\" \/>\n<script type=\"application\/ld+json\" class=\"yoast-schema-graph\">{\"@context\":\"https:\\\/\\\/schema.org\",\"@graph\":[{\"@type\":\"WebPage\",\"@id\":\"https:\\\/\\\/hopewwfrance.org\\\/?page_id=276\",\"url\":\"https:\\\/\\\/hopewwfrance.org\\\/?page_id=276\",\"name\":\"Actualit\u00e9s - HOPE Worldwide France\",\"isPartOf\":{\"@id\":\"https:\\\/\\\/hopewwfrance.org\\\/#website\"},\"datePublished\":\"2021-02-05T15:32:17+00:00\",\"dateModified\":\"2025-01-29T18:16:27+00:00\",\"breadcrumb\":{\"@id\":\"https:\\\/\\\/hopewwfrance.org\\\/?page_id=276#breadcrumb\"},\"inLanguage\":\"fr-FR\",\"potentialAction\":[{\"@type\":\"ReadAction\",\"target\":[\"https:\\\/\\\/hopewwfrance.org\\\/?page_id=276\"]}]},{\"@type\":\"BreadcrumbList\",\"@id\":\"https:\\\/\\\/hopewwfrance.org\\\/?page_id=276#breadcrumb\",\"itemListElement\":[{\"@type\":\"ListItem\",\"position\":1,\"name\":\"Accueil\",\"item\":\"https:\\\/\\\/hopewwfrance.org\\\/\"},{\"@type\":\"ListItem\",\"position\":2,\"name\":\"Actualit\u00e9s\"}]},{\"@type\":\"WebSite\",\"@id\":\"https:\\\/\\\/hopewwfrance.org\\\/#website\",\"url\":\"https:\\\/\\\/hopewwfrance.org\\\/\",\"name\":\"HOPE Worldwide France\",\"description\":\"Donner de l&#039;espoir, changer des vies\",\"publisher\":{\"@id\":\"https:\\\/\\\/hopewwfrance.org\\\/#organization\"},\"potentialAction\":[{\"@type\":\"SearchAction\",\"target\":{\"@type\":\"EntryPoint\",\"urlTemplate\":\"https:\\\/\\\/hopewwfrance.org\\\/?s={search_term_string}\"},\"query-input\":{\"@type\":\"PropertyValueSpecification\",\"valueRequired\":true,\"valueName\":\"search_term_string\"}}],\"inLanguage\":\"fr-FR\"},{\"@type\":\"Organization\",\"@id\":\"https:\\\/\\\/hopewwfrance.org\\\/#organization\",\"name\":\"HOPE Worldwide France\",\"url\":\"https:\\\/\\\/hopewwfrance.org\\\/\",\"logo\":{\"@type\":\"ImageObject\",\"inLanguage\":\"fr-FR\",\"@id\":\"https:\\\/\\\/hopewwfrance.org\\\/#\\\/schema\\\/logo\\\/image\\\/\",\"url\":\"https:\\\/\\\/hopewwfrance.org\\\/wp-content\\\/uploads\\\/2021\\\/01\\\/cropped-HOPEww-FRANCE-Logo.png\",\"contentUrl\":\"https:\\\/\\\/hopewwfrance.org\\\/wp-content\\\/uploads\\\/2021\\\/01\\\/cropped-HOPEww-FRANCE-Logo.png\",\"width\":236,\"height\":152,\"caption\":\"HOPE Worldwide France\"},\"image\":{\"@id\":\"https:\\\/\\\/hopewwfrance.org\\\/#\\\/schema\\\/logo\\\/image\\\/\"}}]}<\/script>\n<!-- \/ Yoast SEO plugin. -->","yoast_head_json":{"title":"Actualit\u00e9s - HOPE Worldwide France","robots":{"index":"index","follow":"follow","max-snippet":"max-snippet:-1","max-image-preview":"max-image-preview:large","max-video-preview":"max-video-preview:-1"},"canonical":"https:\/\/hopewwfrance.org\/?page_id=276","og_locale":"fr_FR","og_type":"article","og_title":"Actualit\u00e9s - HOPE Worldwide France","og_description":"Actualit\u00e9s","og_url":"https:\/\/hopewwfrance.org\/?page_id=276","og_site_name":"HOPE Worldwide France","article_modified_time":"2025-01-29T18:16:27+00:00","twitter_card":"summary_large_image","twitter_misc":{"Dur\u00e9e de lecture estim\u00e9e":"5 minutes"},"schema":{"@context":"https:\/\/schema.org","@graph":[{"@type":"WebPage","@id":"https:\/\/hopewwfrance.org\/?page_id=276","url":"https:\/\/hopewwfrance.org\/?page_id=276","name":"Actualit\u00e9s - HOPE Worldwide France","isPartOf":{"@id":"https:\/\/hopewwfrance.org\/#website"},"datePublished":"2021-02-05T15:32:17+00:00","dateModified":"2025-01-29T18:16:27+00:00","breadcrumb":{"@id":"https:\/\/hopewwfrance.org\/?page_id=276#breadcrumb"},"inLanguage":"fr-FR","potentialAction":[{"@type":"ReadAction","target":["https:\/\/hopewwfrance.org\/?page_id=276"]}]},{"@type":"BreadcrumbList","@id":"https:\/\/hopewwfrance.org\/?page_id=276#breadcrumb","itemListElement":[{"@type":"ListItem","position":1,"name":"Accueil","item":"https:\/\/hopewwfrance.org\/"},{"@type":"ListItem","position":2,"name":"Actualit\u00e9s"}]},{"@type":"WebSite","@id":"https:\/\/hopewwfrance.org\/#website","url":"https:\/\/hopewwfrance.org\/","name":"HOPE Worldwide France","description":"Donner de l&#039;espoir, changer des vies","publisher":{"@id":"https:\/\/hopewwfrance.org\/#organization"},"potentialAction":[{"@type":"SearchAction","target":{"@type":"EntryPoint","urlTemplate":"https:\/\/hopewwfrance.org\/?s={search_term_string}"},"query-input":{"@type":"PropertyValueSpecification","valueRequired":true,"valueName":"search_term_string"}}],"inLanguage":"fr-FR"},{"@type":"Organization","@id":"https:\/\/hopewwfrance.org\/#organization","name":"HOPE Worldwide France","url":"https:\/\/hopewwfrance.org\/","logo":{"@type":"ImageObject","inLanguage":"fr-FR","@id":"https:\/\/hopewwfrance.org\/#\/schema\/logo\/image\/","url":"https:\/\/hopewwfrance.org\/wp-content\/uploads\/2021\/01\/cropped-HOPEww-FRANCE-Logo.png","contentUrl":"https:\/\/hopewwfrance.org\/wp-content\/uploads\/2021\/01\/cropped-HOPEww-FRANCE-Logo.png","width":236,"height":152,"caption":"HOPE Worldwide France"},"image":{"@id":"https:\/\/hopewwfrance.org\/#\/schema\/logo\/image\/"}}]}},"_links":{"self":[{"href":"https:\/\/hopewwfrance.org\/index.php?rest_route=\/wp\/v2\/pages\/276","targetHints":{"allow":["GET"]}}],"collection":[{"href":"https:\/\/hopewwfrance.org\/index.php?rest_route=\/wp\/v2\/pages"}],"about":[{"href":"https:\/\/hopewwfrance.org\/index.php?rest_route=\/wp\/v2\/types\/page"}],"author":[{"embeddable":true,"href":"https:\/\/hopewwfrance.org\/index.php?rest_route=\/wp\/v2\/users\/1"}],"replies":[{"embeddable":true,"href":"https:\/\/hopewwfrance.org\/index.php?rest_route=%2Fwp%2Fv2%2Fcomments&post=276"}],"version-history":[{"count":29,"href":"https:\/\/hopewwfrance.org\/index.php?rest_route=\/wp\/v2\/pages\/276\/revisions"}],"predecessor-version":[{"id":947,"href":"https:\/\/hopewwfrance.org\/index.php?rest_route=\/wp\/v2\/pages\/276\/revisions\/947"}],"wp:attachment":[{"href":"https:\/\/hopewwfrance.org\/index.php?rest_route=%2Fwp%2Fv2%2Fmedia&parent=276"}],"curies":[{"name":"wp","href":"https:\/\/api.w.org\/{rel}","templated":true}]}}